{"id":690,"date":"2021-02-16T09:43:24","date_gmt":"2021-02-16T09:43:24","guid":{"rendered":"https:\/\/athemeart.dev\/demo\/fastest-shop\/demo-1\/?page_id=690"},"modified":"2023-08-20T08:53:01","modified_gmt":"2023-08-20T08:53:01","slug":"home-page","status":"publish","type":"page","link":"http:\/\/kreidlerteile.com\/en\/","title":{"rendered":"Home"},"content":{"rendered":"<style>\/*! elementor - v3.14.0 - 26-06-2023 *\/<br \/>\n.elementor-heading-title{padding:0;margin:0;line-height:1}.elementor-widget-heading .elementor-heading-title[class*=elementor-size-]>a{color:inherit;font-size:inherit;line-height:inherit}.elementor-widget-heading .elementor-heading-title.elementor-size-small{font-size:15px}.elementor-widget-heading .elementor-heading-title.elementor-size-medium{font-size:19px}.elementor-widget-heading .elementor-heading-title.elementor-size-large{font-size:29px}.elementor-widget-heading .elementor-heading-title.elementor-size-xl{font-size:39px}.elementor-widget-heading .elementor-heading-title.elementor-size-xxl{font-size:59px}<\/style>\n<h2>Kreidlerschrauber Petra Staffl<\/h2>\n<style>\/*! elementor - v3.14.0 - 26-06-2023 *\/<br \/>\n.elementor-widget-image{text-align:center}.elementor-widget-image a{display:inline-block}.elementor-widget-image a img[src$=\".svg\"]{width:48px}.elementor-widget-image img{vertical-align:middle;display:inline-block}<\/style>\n<figure>\n\t\t\t\t\t\t\t\t\t\t<img loading=\"lazy\" decoding=\"async\" width=\"196\" height=\"300\" src=\"http:\/\/kreidlerteile.com\/wp-content\/uploads\/2023\/07\/Petra-Staffl-Kreidlerschrauber-196x300.jpg\" alt=\"\" loading=\"lazy\" srcset=\"http:\/\/kreidlerteile.com\/wp-content\/uploads\/2023\/07\/Petra-Staffl-Kreidlerschrauber-196x300.jpg 196w, http:\/\/kreidlerteile.com\/wp-content\/uploads\/2023\/07\/Petra-Staffl-Kreidlerschrauber.jpg 500w\" sizes=\"auto, (max-width: 196px) 100vw, 196px\" \/><figcaption>Petra Staffl<\/figcaption><\/figure>\n<p>Seit \u00fcber 30 Jahren erbringen wir rund um eure<br \/>\nKreidler aus Kornwestheim s\u00e4mtliche Dienstleistungen.<br \/>\nUnd das garantiert Fachgerecht und Kompetend.<\/p>\n<ul>\n<li>fachm\u00e4nnische Instandsetzung aller Fahrzeuge bis 1982<\/li>\n<li>kompetente Fachberatung<\/li>\n<li>vollst\u00e4ndige Motorrevisionen<\/li>\n<li>Zylinder Be-, und Aufarbeitung inkl. hochwertiger Beschichtung<\/li>\n<li>Vergr\u00f6\u00dferung des Hubraums (Tuning)<\/li>\n<li>Komplette Restauration aller Fahrzeuge von Kreidler<\/li>\n<li>erstklassiger Ersatzteile (Neu oder Aufgearbeitet)<\/li>\n<\/ul>\n<p>Lorem ipsum dolor sit amet, consectetur adipiscing elit. Ut elit tellus, luctus nec ullamcorper mattis, pulvinar dapibus leo.<\/p>\n","protected":false},"excerpt":{"rendered":"<p>Kreidlerschrauber Petra Staffl Petra Staffl Seit \u00fcber 30 Jahren erbringen wir rund um eure Kreidler aus Kornwestheim s\u00e4mtliche Dienstleistungen. Und das garantiert Fachgerecht und Kompetend. fachm\u00e4nnische Instandsetzung aller Fahrzeuge bis 1982 kompetente Fachberatung vollst\u00e4ndige Motorrevisionen Zylinder Be-, und Aufarbeitung inkl. hochwertiger Beschichtung Vergr\u00f6\u00dferung des Hubraums (Tuning) Komplette Restauration aller Fahrzeuge von Kreidler erstklassiger Ersatzteile (Neu<\/p>\n<div class=\"more-link\">\n\t\t\t\t <a href=\"http:\/\/kreidlerteile.com\/en\/\" class=\"btn theme-btn\"><span>Continue Reading  <\/span><\/a>\n\t\t\t<\/div>","protected":false},"author":1,"featured_media":0,"parent":0,"menu_order":0,"comment_status":"closed","ping_status":"closed","template":"","meta":{"footnotes":""},"class_list":["post-690","page","type-page","status-publish","hentry"],"blog_post_layout_featured_media_urls":{"thumbnail":"","full":""},"categories_names":null,"comments_number":"0","_links":{"self":[{"href":"http:\/\/kreidlerteile.com\/en\/wp-json\/wp\/v2\/pages\/690","targetHints":{"allow":["GET"]}}],"collection":[{"href":"http:\/\/kreidlerteile.com\/en\/wp-json\/wp\/v2\/pages"}],"about":[{"href":"http:\/\/kreidlerteile.com\/en\/wp-json\/wp\/v2\/types\/page"}],"author":[{"embeddable":true,"href":"http:\/\/kreidlerteile.com\/en\/wp-json\/wp\/v2\/users\/1"}],"replies":[{"embeddable":true,"href":"http:\/\/kreidlerteile.com\/en\/wp-json\/wp\/v2\/comments?post=690"}],"version-history":[{"count":19,"href":"http:\/\/kreidlerteile.com\/en\/wp-json\/wp\/v2\/pages\/690\/revisions"}],"predecessor-version":[{"id":1293,"href":"http:\/\/kreidlerteile.com\/en\/wp-json\/wp\/v2\/pages\/690\/revisions\/1293"}],"wp:attachment":[{"href":"http:\/\/kreidlerteile.com\/en\/wp-json\/wp\/v2\/media?parent=690"}],"curies":[{"name":"wp","href":"https:\/\/api.w.org\/{rel}","templated":true}]}}